{"id":20709,"date":"2021-11-04T17:37:10","date_gmt":"2021-11-04T16:37:10","guid":{"rendered":"https:\/\/wizpex.cz\/udrzba\/"},"modified":"2024-10-06T16:40:24","modified_gmt":"2024-10-06T15:40:24","slug":"udrzba","status":"publish","type":"page","link":"https:\/\/wizpex.cz\/cs\/udrzba\/","title":{"rendered":"\u00dadr\u017eba"},"content":{"rendered":"\t\t<div data-elementor-type=\"wp-page\" data-elementor-id=\"20709\" class=\"elementor elementor-20709 elementor-8868\" wpc-filter-elementor-widget=\"1\">\n\t\t\t\t<div class=\"wd-negative-gap elementor-element elementor-element-7e75075 wd-section-stretch-content e-flex e-con-boxed e-con e-parent\" data-id=\"7e75075\" data-element_type=\"container\" data-e-type=\"container\" data-settings=\"{&quot;background_background&quot;:&quot;classic&quot;}\">\n\t\t\t\t\t<div class=\"e-con-inner\">\n\t\t<div class=\"elementor-element elementor-element-a4d3886 e-con-full e-flex e-con e-child\" data-id=\"a4d3886\" data-element_type=\"container\" data-e-type=\"container\">\n\t\t\t\t<div class=\"elementor-element elementor-element-6ea5916 wd-width-100 elementor-widget elementor-widget-wd_title\" data-id=\"6ea5916\" data-element_type=\"widget\" data-e-type=\"widget\" data-widget_type=\"wd_title.default\">\n\t\t\t\t<div class=\"elementor-widget-container\">\n\t\t\t\t\t\t\t<div class=\"title-wrapper wd-set-mb reset-last-child wd-title-color-default wd-title-style-default wd-title-size-extra-large text-center\">\n\n\t\t\t\n\t\t\t<div class=\"liner-continer\">\n\t\t\t\t<h4 class=\"woodmart-title-container title wd-fontsize-xxxl\">P\u0158IJDE BRZY<\/h4> \n\t\t\t\t\t\t\t<\/div>\n\n\t\t\t\t\t<\/div>\n\t\t\t\t\t\t<\/div>\n\t\t\t\t<\/div>\n\t\t\t\t<div class=\"elementor-element elementor-element-31c02df elementor-widget elementor-widget-wd_countdown_timer\" data-id=\"31c02df\" data-element_type=\"widget\" data-e-type=\"widget\" data-widget_type=\"wd_countdown_timer.default\">\n\t\t\t\t<div class=\"elementor-widget-container\">\n\t\t\t\t\t\t\t<div class=\"wd-countdown-timer color-scheme-dark text-center\">\n\t\t\t<div class=\"wd-timer wd-size-large   \" data-end-date=\"2025-01-01 00:00\" data-timezone=\"GMT\" data-hide-on-finish=\"no\">\n\t\t\t\t<span class=\"wd-item wd-timer-days\">\n\t\t\t\t\t<span class=\"wd-timer-value\">\n\t\t\t\t\t\t0\n\t\t\t\t\t<\/span>\n\t\t\t\t\t<span class=\"wd-timer-text\">\n\t\t\t\t\t\tdny\t\t\t\t\t<\/span>\n\t\t\t\t<\/span>\n\t\t\t\t\t\t\t\t<span class=\"wd-item wd-timer-hours\">\n\t\t\t\t\t<span class=\"wd-timer-value\">\n\t\t\t\t\t\t00\n\t\t\t\t\t<\/span>\n\t\t\t\t\t<span class=\"wd-timer-text\">\n\t\t\t\t\t\thr\t\t\t\t\t<\/span>\n\t\t\t\t<\/span>\n\t\t\t\t\t\t\t\t<span class=\"wd-item wd-timer-min\">\n\t\t\t\t\t<span class=\"wd-timer-value\">\n\t\t\t\t\t\t00\n\t\t\t\t\t<\/span>\n\t\t\t\t\t<span class=\"wd-timer-text\">\n\t\t\t\t\t\tmin\t\t\t\t\t<\/span>\n\t\t\t\t<\/span>\n\t\t\t\t\t\t\t\t<span class=\"wd-item wd-timer-sec\">\n\t\t\t\t\t<span class=\"wd-timer-value\">\n\t\t\t\t\t\t00\n\t\t\t\t\t<\/span>\n\t\t\t\t\t<span class=\"wd-timer-text\">\n\t\t\t\t\t\tsc\t\t\t\t\t<\/span>\n\t\t\t\t<\/span>\n\t\t\t<\/div>\n\t\t<\/div>\n\t\t\t\t\t\t<\/div>\n\t\t\t\t<\/div>\n\t\t\t\t<\/div>\n\t\t<div class=\"elementor-element elementor-element-6c3f5b4 elementor-hidden-tablet elementor-hidden-mobile e-con-full e-flex e-con e-child\" data-id=\"6c3f5b4\" data-element_type=\"container\" data-e-type=\"container\" data-settings=\"{&quot;background_background&quot;:&quot;classic&quot;}\">\n\t\t\t\t<\/div>\n\t\t\t\t\t<\/div>\n\t\t\t\t<\/div>\n\t\t\t\t<\/div>\n\t\t","protected":false},"excerpt":{"rendered":"<p>P\u0158IJDE BRZY 0 days 00 hr 00 min 00 sc<\/p>\n","protected":false},"author":1,"featured_media":0,"parent":0,"menu_order":0,"comment_status":"closed","ping_status":"closed","template":"maintenance.php","meta":{"_acf_changed":false,"footnotes":""},"class_list":["post-20709","page","type-page","status-publish","hentry"],"acf":[],"yoast_head":"<!-- This site is optimized with the Yoast SEO plugin v27.3 - https:\/\/yoast.com\/product\/yoast-seo-wordpress\/ -->\n<title>\u00dadr\u017eba &#8211; Wizpex<\/title>\n<meta name=\"robots\" content=\"index, follow, max-snippet:-1, max-image-preview:large, max-video-preview:-1\" \/>\n<link rel=\"canonical\" href=\"https:\/\/wizpex.cz\/cs\/udrzba\/\" \/>\n<meta property=\"og:locale\" content=\"cs_CZ\" \/>\n<meta property=\"og:type\" content=\"article\" \/>\n<meta property=\"og:title\" content=\"\u00dadr\u017eba &#8211; Wizpex\" \/>\n<meta property=\"og:description\" content=\"P\u0158IJDE BRZY 0 days 00 hr 00 min 00 sc\" \/>\n<meta property=\"og:url\" content=\"https:\/\/wizpex.cz\/cs\/udrzba\/\" \/>\n<meta property=\"og:site_name\" content=\"Wizpex\" \/>\n<meta property=\"article:modified_time\" content=\"2024-10-06T15:40:24+00:00\" \/>\n<meta name=\"twitter:card\" content=\"summary_large_image\" \/>\n<meta name=\"twitter:label1\" content=\"Odhadovan\u00e1 doba \u010dten\u00ed\" \/>\n\t<meta name=\"twitter:data1\" content=\"1 minuta\" \/>\n<script type=\"application\/ld+json\" class=\"yoast-schema-graph\">{\"@context\":\"https:\\\/\\\/schema.org\",\"@graph\":[{\"@type\":\"WebPage\",\"@id\":\"https:\\\/\\\/wizpex.cz\\\/cs\\\/udrzba\\\/\",\"url\":\"https:\\\/\\\/wizpex.cz\\\/cs\\\/udrzba\\\/\",\"name\":\"\u00dadr\u017eba &#8211; Wizpex\",\"isPartOf\":{\"@id\":\"https:\\\/\\\/wizpex.cz\\\/cs\\\/#website\"},\"datePublished\":\"2021-11-04T16:37:10+00:00\",\"dateModified\":\"2024-10-06T15:40:24+00:00\",\"breadcrumb\":{\"@id\":\"https:\\\/\\\/wizpex.cz\\\/cs\\\/udrzba\\\/#breadcrumb\"},\"inLanguage\":\"cs\",\"potentialAction\":[{\"@type\":\"ReadAction\",\"target\":[\"https:\\\/\\\/wizpex.cz\\\/cs\\\/udrzba\\\/\"]}]},{\"@type\":\"BreadcrumbList\",\"@id\":\"https:\\\/\\\/wizpex.cz\\\/cs\\\/udrzba\\\/#breadcrumb\",\"itemListElement\":[{\"@type\":\"ListItem\",\"position\":1,\"name\":\"Hlavn\u00ed strana\",\"item\":\"https:\\\/\\\/wizpex.cz\\\/cs\\\/wizpex-sluzby\\\/\"},{\"@type\":\"ListItem\",\"position\":2,\"name\":\"\u00dadr\u017eba\"}]},{\"@type\":\"WebSite\",\"@id\":\"https:\\\/\\\/wizpex.cz\\\/cs\\\/#website\",\"url\":\"https:\\\/\\\/wizpex.cz\\\/cs\\\/\",\"name\":\"Wizpex\",\"description\":\"Need a service? Find it here!\",\"publisher\":{\"@id\":\"https:\\\/\\\/wizpex.cz\\\/cs\\\/#organization\"},\"alternateName\":\"wizpex\",\"potentialAction\":[{\"@type\":\"SearchAction\",\"target\":{\"@type\":\"EntryPoint\",\"urlTemplate\":\"https:\\\/\\\/wizpex.cz\\\/cs\\\/?s={search_term_string}\"},\"query-input\":{\"@type\":\"PropertyValueSpecification\",\"valueRequired\":true,\"valueName\":\"search_term_string\"}}],\"inLanguage\":\"cs\"},{\"@type\":\"Organization\",\"@id\":\"https:\\\/\\\/wizpex.cz\\\/cs\\\/#organization\",\"name\":\"Wizpex s.r.o.\",\"url\":\"https:\\\/\\\/wizpex.cz\\\/cs\\\/\",\"logo\":{\"@type\":\"ImageObject\",\"inLanguage\":\"cs\",\"@id\":\"https:\\\/\\\/wizpex.cz\\\/cs\\\/#\\\/schema\\\/logo\\\/image\\\/\",\"url\":\"https:\\\/\\\/wizpex.cz\\\/wp-content\\\/uploads\\\/2024\\\/02\\\/cropped-cropped-wizpex_fav-1.png\",\"contentUrl\":\"https:\\\/\\\/wizpex.cz\\\/wp-content\\\/uploads\\\/2024\\\/02\\\/cropped-cropped-wizpex_fav-1.png\",\"width\":512,\"height\":512,\"caption\":\"Wizpex s.r.o.\"},\"image\":{\"@id\":\"https:\\\/\\\/wizpex.cz\\\/cs\\\/#\\\/schema\\\/logo\\\/image\\\/\"}}]}<\/script>\n<!-- \/ Yoast SEO plugin. -->","yoast_head_json":{"title":"\u00dadr\u017eba &#8211; Wizpex","robots":{"index":"index","follow":"follow","max-snippet":"max-snippet:-1","max-image-preview":"max-image-preview:large","max-video-preview":"max-video-preview:-1"},"canonical":"https:\/\/wizpex.cz\/cs\/udrzba\/","og_locale":"cs_CZ","og_type":"article","og_title":"\u00dadr\u017eba &#8211; Wizpex","og_description":"P\u0158IJDE BRZY 0 days 00 hr 00 min 00 sc","og_url":"https:\/\/wizpex.cz\/cs\/udrzba\/","og_site_name":"Wizpex","article_modified_time":"2024-10-06T15:40:24+00:00","twitter_card":"summary_large_image","twitter_misc":{"Odhadovan\u00e1 doba \u010dten\u00ed":"1 minuta"},"schema":{"@context":"https:\/\/schema.org","@graph":[{"@type":"WebPage","@id":"https:\/\/wizpex.cz\/cs\/udrzba\/","url":"https:\/\/wizpex.cz\/cs\/udrzba\/","name":"\u00dadr\u017eba &#8211; Wizpex","isPartOf":{"@id":"https:\/\/wizpex.cz\/cs\/#website"},"datePublished":"2021-11-04T16:37:10+00:00","dateModified":"2024-10-06T15:40:24+00:00","breadcrumb":{"@id":"https:\/\/wizpex.cz\/cs\/udrzba\/#breadcrumb"},"inLanguage":"cs","potentialAction":[{"@type":"ReadAction","target":["https:\/\/wizpex.cz\/cs\/udrzba\/"]}]},{"@type":"BreadcrumbList","@id":"https:\/\/wizpex.cz\/cs\/udrzba\/#breadcrumb","itemListElement":[{"@type":"ListItem","position":1,"name":"Hlavn\u00ed strana","item":"https:\/\/wizpex.cz\/cs\/wizpex-sluzby\/"},{"@type":"ListItem","position":2,"name":"\u00dadr\u017eba"}]},{"@type":"WebSite","@id":"https:\/\/wizpex.cz\/cs\/#website","url":"https:\/\/wizpex.cz\/cs\/","name":"Wizpex","description":"Need a service? Find it here!","publisher":{"@id":"https:\/\/wizpex.cz\/cs\/#organization"},"alternateName":"wizpex","potentialAction":[{"@type":"SearchAction","target":{"@type":"EntryPoint","urlTemplate":"https:\/\/wizpex.cz\/cs\/?s={search_term_string}"},"query-input":{"@type":"PropertyValueSpecification","valueRequired":true,"valueName":"search_term_string"}}],"inLanguage":"cs"},{"@type":"Organization","@id":"https:\/\/wizpex.cz\/cs\/#organization","name":"Wizpex s.r.o.","url":"https:\/\/wizpex.cz\/cs\/","logo":{"@type":"ImageObject","inLanguage":"cs","@id":"https:\/\/wizpex.cz\/cs\/#\/schema\/logo\/image\/","url":"https:\/\/wizpex.cz\/wp-content\/uploads\/2024\/02\/cropped-cropped-wizpex_fav-1.png","contentUrl":"https:\/\/wizpex.cz\/wp-content\/uploads\/2024\/02\/cropped-cropped-wizpex_fav-1.png","width":512,"height":512,"caption":"Wizpex s.r.o."},"image":{"@id":"https:\/\/wizpex.cz\/cs\/#\/schema\/logo\/image\/"}}]}},"_links":{"self":[{"href":"https:\/\/wizpex.cz\/cs\/wp-json\/wp\/v2\/pages\/20709","targetHints":{"allow":["GET"]}}],"collection":[{"href":"https:\/\/wizpex.cz\/cs\/wp-json\/wp\/v2\/pages"}],"about":[{"href":"https:\/\/wizpex.cz\/cs\/wp-json\/wp\/v2\/types\/page"}],"author":[{"embeddable":true,"href":"https:\/\/wizpex.cz\/cs\/wp-json\/wp\/v2\/users\/1"}],"replies":[{"embeddable":true,"href":"https:\/\/wizpex.cz\/cs\/wp-json\/wp\/v2\/comments?post=20709"}],"version-history":[{"count":2,"href":"https:\/\/wizpex.cz\/cs\/wp-json\/wp\/v2\/pages\/20709\/revisions"}],"predecessor-version":[{"id":20713,"href":"https:\/\/wizpex.cz\/cs\/wp-json\/wp\/v2\/pages\/20709\/revisions\/20713"}],"wp:attachment":[{"href":"https:\/\/wizpex.cz\/cs\/wp-json\/wp\/v2\/media?parent=20709"}],"curies":[{"name":"wp","href":"https:\/\/api.w.org\/{rel}","templated":true}]}}